{"id":131,"date":"2015-07-21T11:55:08","date_gmt":"2015-07-21T11:55:08","guid":{"rendered":"http:\/\/demo.themegrill.com\/himalayas-pro\/?page_id=131"},"modified":"2025-02-19T14:28:48","modified_gmt":"2025-02-19T13:28:48","slug":"front-page","status":"publish","type":"page","link":"https:\/\/www.rudi-federspiel.at\/neustart\/","title":{"rendered":"Front Page"},"content":{"rendered":"\n\n\t\t\t\t<img loading=\"lazy\" decoding=\"async\" src=\"https:\/\/www.rudi-federspiel.at\/neustart\/wp-content\/uploads\/2024\/05\/home.jpg\" alt=\"home\" itemprop=\"image\" height=\"1750\" width=\"2333\" title=\"home\" onerror=\"this.style.display='none'\"  \/>\n\t\t<h2>\n\t\t\tUnsere Ziele\n\t\t<\/h2>\n\t\t\t<p>Mit unseren Kandidaten &#8211; einer guten Mischung aus erfahrenen Kommunalpolitikern und jungen, engagierten Kr\u00e4ften &#8211; haben wir ein sehr gutes Ergebnis bei dieser Gemeinderatswahl erreicht.<br \/>An unserer klaren Linie wird sich nichts \u00e4ndern: Wir vertreten die <strong>b\u00fcrgerliche Mitte<\/strong> in der Landeshauptstadt und stehen f\u00fcr eine Politik mit Augenma\u00df und Hausverstand.<\/p>\t\t\n\t\t<h2>\n\t\t\tUnsere Schwerpunkte\n\t\t<\/h2>\n\t\t\t<p>Unsere Schwerpunkte sind dringend n\u00f6tige Ma\u00dfnahmen f\u00fcr die Innsbrucker Bev\u00f6lkerung. Hier ein \u00dcberblick:<\/p>\t\t\n\t<p>Sofortige <strong>Senkung der Energiekosten<\/strong>, insbesondere durch die IKB &#8211; <strong>Mietpreisdeckel<\/strong> f\u00fcr st\u00e4dtische Wohnungen &#8211; <strong>Aussetzen der Geb\u00fchrenerh\u00f6hungen<\/strong> im Zuge des st\u00e4dtischen Budgets<\/p>\n\t<p><strong>Kampf gegen organisierten Drogenhandel<\/strong> und Bettel-Mafia sowie Bandenkriminalit\u00e4t &#8211; Etablierung einer vollwertigen Stadtpolizei &#8211; Umfassende <strong>Sicherheitskonzepte<\/strong> bei Gro\u00dfveranstaltungen<\/p>\n\t<p><strong>Sachleistungen<\/strong> statt Geldzahlungen f\u00fcr Asylanten &#8211; <strong>R\u00fcckf\u00fchrung<\/strong> von straff\u00e4lligen Migranten &#8211; <strong>Fachkr\u00e4ftemigration<\/strong> statt Sozialtourismus<\/p>\n\t<p><strong>Wohnungsvergabe an Deutsch-Kenntnisse koppeln<\/strong> und keine st\u00e4dtische Wohnungsvergabe an Drittstaatsangeh\u00f6rige &#8211; Zus\u00e4tzliche <strong>Wohnungsvergabeplattform<\/strong> (auch online) &#8211; Unterst\u00fctzung zur Schaffung von Eigentum f\u00fcr Innsbrucker<\/p>\n\t<p>Einrichtung einer <strong>st\u00e4dtischen Volksk\u00fcche<\/strong> &#8211; <strong>Obdachloseneinrichtung f\u00fcr Frauen<\/strong> mit oder ohne Kinder nach dem Housing First Prinzip &#8211; Automatische <strong>Anpassung von Sozialleistungen<\/strong> an die Inflation<\/p>\n\t<p>St\u00e4rkung und Wahrung der <strong>Grund- und Freiheitsrechte<\/strong> &#8211; Ende der gr\u00fcnen Moral-Geiselhaft &#8211; <strong>Abschaffung der Gendersprache<\/strong> im Stadtmagistrat<\/p>\n\t<hr \/>\n<p>Unser ausf\u00fchrliches <strong>Wahlprogramm<\/strong> f\u00fcr die Gemeinderatswahl 2024 findet ihr hier als PDF bzw. Download.<\/p>\n\t\t\t<a href=\"https:\/\/www.rudi-federspiel.at\/neustart\/wp-content\/uploads\/2024\/01\/NEUSTART24.pdf\" target=\"_blank\" rel=\"noopener\">\n\t\t\t\t\t\t\tProgramm\n\t\t\t<\/a>\n\t\t<h2>\n\t\t\tUnser Team\n\t\t<\/h2>\n\t\t\t<p>Mit erfahrenen Kommunalpolitikern und jungen, engagierten Kr\u00e4ften gehen wir in die Gemeinderatswahl 2024.<\/p>\t\t\n\t\t\t\t<!-- Inline Block Space Fix\n\t\t\t\t\t\t\t\t\t\t\t\t\t\t\t\t\t\t\t\t\t\t\t\t-->\n\t\t\t\t<img decoding=\"async\" src=\"https:\/\/www.rudi-federspiel.at\/neustart\/wp-content\/uploads\/2024\/01\/lassenberger-1.jpg\" alt=\"lassenberger\" itemprop=\"image\"\/>\n\t\t\t\t\t\t\t\t\t<!-- Inline Block Space Fix\n\t\t\t\t\t\t\t\t\t\t\t\t\t\t\t\t--><!-- Inline Block Space Fix\n\t\t\t\t\t\t\t\t\t\t\t\t\t\t\t\t\t\t\t--><h3>Markus Lassenberger<\/h3><!-- Inline Block Space Fix\n\t\t\t\t\t\t\t\t\t\t\t\t\t\t\t\t\t\t\t\t\t\t\t\t\t-->\n\t\t\t\t\t\t\t\t\n<strong>Stadtrat<\/strong>\n<p><a href=\"tel:+436504040254\">+43 650 40 40 254<\/a><\/p>\t\t\t\t\t\t\t<!-- Inline Block Space Fix\n\t\t\t\t\t\t\t\t\t\t\t--><!-- Inline Block Space Fix\n\t\t\t\t\t\t\t\t\t\t-->\n                    <!-- Inline Block Space Fix\n\t\t\t\t-->\n\t\t\t\t<!-- Overlay for Style 1 -->\n\t\t\t<!-- END .front -->\n\t\t\t\t\t\t<p><strong>Beruf:<\/strong><br \/>Exekutivbeamter<br \/><strong>Schwerpunkte:<\/strong><br \/>Sicherheit, Finanzen, Subventionen und Beteiligungen, Stadtentwicklung, Wohnbau, Umwelt, Energie und Mobilit\u00e4t<\/p>\t\t\t\t\t\n\t\t\t\t<!-- Inline Block Space Fix\n\t\t\t\t\t\t\t\t\t\t\t\t\t\t\t\t\t\t\t\t\t\t\t\t-->\n\t\t\t\t<img decoding=\"async\" src=\"https:\/\/www.rudi-federspiel.at\/neustart\/wp-content\/uploads\/2024\/01\/dengg.jpg\" alt=\"dengg\" itemprop=\"image\"\/>\n\t\t\t\t\t\t\t\t\t<!-- Inline Block Space Fix\n\t\t\t\t\t\t\t\t\t\t\t\t\t\t\t\t--><!-- Inline Block Space Fix\n\t\t\t\t\t\t\t\t\t\t\t\t\t\t\t\t\t\t\t--><h3>Andrea Dengg<\/h3><!-- Inline Block Space Fix\n\t\t\t\t\t\t\t\t\t\t\t\t\t\t\t\t\t\t\t\t\t\t\t\t\t-->\n\t\t\t\t\t\t\t\t<p><strong>Klubobfrau<\/strong><a href=\"tel:+436641225477\">+43 664 12 25 477<\/a><\/p>\t\t\t\t\t\t\t<!-- Inline Block Space Fix\n\t\t\t\t\t\t\t\t\t\t\t--><!-- Inline Block Space Fix\n\t\t\t\t\t\t\t\t\t\t-->\n                    <!-- Inline Block Space Fix\n\t\t\t\t-->\n\t\t\t\t<!-- Overlay for Style 1 -->\n\t\t\t<!-- END .front -->\n\t\t\t\t\t\t<p><strong>Beruf:<\/strong><br \/>Gesch\u00e4ftsf\u00fchrerin<br \/><strong>Schwerpunkte:<\/strong><br \/>Soziales und Familie, Wohnungsvergabe, Arbeit, Wirtschaft und Tourismus, Stadtentwicklung, Wohnbau, Kultur<\/p>\t\t\t\t\t\n\t\t\t\t<!-- Inline Block Space Fix\n\t\t\t\t\t\t\t\t\t\t\t\t\t\t\t\t\t\t\t\t\t\t\t\t-->\n\t\t\t\t<img decoding=\"async\" src=\"https:\/\/www.rudi-federspiel.at\/neustart\/wp-content\/uploads\/2024\/01\/federspiel.jpg\" alt=\"federspiel\" itemprop=\"image\"\/>\n\t\t\t\t\t\t\t\t\t<!-- Inline Block Space Fix\n\t\t\t\t\t\t\t\t\t\t\t\t\t\t\t\t--><!-- Inline Block Space Fix\n\t\t\t\t\t\t\t\t\t\t\t\t\t\t\t\t\t\t\t--><h3>Rudi Federspiel<\/h3><!-- Inline Block Space Fix\n\t\t\t\t\t\t\t\t\t\t\t\t\t\t\t\t\t\t\t\t\t\t\t\t\t-->\n\t\t\t\t\t\t\t\t<p><strong>Gemeinderat<\/strong><\/p>\n<p><a href=\"tel:+436764808960\">+43 676 48 08 960<\/a><\/p>\t\t\t\t\t\t\t<!-- Inline Block Space Fix\n\t\t\t\t\t\t\t\t\t\t\t--><!-- Inline Block Space Fix\n\t\t\t\t\t\t\t\t\t\t-->\n                    <!-- Inline Block Space Fix\n\t\t\t\t-->\n\t\t\t\t<!-- Overlay for Style 1 -->\n\t\t\t<!-- END .front -->\n\t\t\t\t\t\t<p><strong>Beruf:<\/strong><br \/>Kaufmann<br \/><strong>Schwerpunkte:<\/strong><br \/>Sicherheit, Arbeit, Wirtschaft und Tourismus, Bildung, Gesellschaft und Diversit\u00e4t<\/p>\t\t\t\t\t\n\t\t\t\t<!-- Inline Block Space Fix\n\t\t\t\t\t\t\t\t\t\t\t\t\t\t\t\t\t\t\t\t\t\t\t\t-->\n\t\t\t\t<img decoding=\"async\" src=\"https:\/\/www.rudi-federspiel.at\/neustart\/wp-content\/uploads\/2024\/01\/reini-happ.jpg\" alt=\"reini-happ\" itemprop=\"image\"\/>\n\t\t\t\t\t\t\t\t\t<!-- Inline Block Space Fix\n\t\t\t\t\t\t\t\t\t\t\t\t\t\t\t\t--><!-- Inline Block Space Fix\n\t\t\t\t\t\t\t\t\t\t\t\t\t\t\t\t\t\t\t--><h3>Reini Happ<\/h3><!-- Inline Block Space Fix\n\t\t\t\t\t\t\t\t\t\t\t\t\t\t\t\t\t\t\t\t\t\t\t\t\t-->\n\t\t\t\t\t\t\t\t<p><strong>Gemeinderat<\/strong><\/p>\n<p><a href=\"tel:+4366488784507\">+43 664 88 784 507<\/a><\/p>\t\t\t\t\t\t\t<!-- Inline Block Space Fix\n\t\t\t\t\t\t\t\t\t\t\t--><!-- Inline Block Space Fix\n\t\t\t\t\t\t\t\t\t\t-->\n                    <!-- Inline Block Space Fix\n\t\t\t\t-->\n\t\t\t\t<!-- Overlay for Style 1 -->\n\t\t\t<!-- END .front -->\n\t\t\t\t\t\t<p><strong>Beruf:<\/strong><br \/>Angestellter<br \/><strong>Schwerpunkte:<\/strong><br \/>Soziales, Gesellschaft und Diversit\u00e4t, Wohnbau, Umwelt, Energie und Mobilit\u00e4t<\/p>\t\t\t\t\t\n\t\t\t\t<!-- Inline Block Space Fix\n\t\t\t\t\t\t\t\t\t\t\t\t\t\t\t\t\t\t\t\t\t\t\t\t-->\n\t\t\t\t<img decoding=\"async\" src=\"https:\/\/www.rudi-federspiel.at\/neustart\/wp-content\/uploads\/2024\/01\/fabian-walch.jpg\" alt=\"fabian-walch\" itemprop=\"image\"\/>\n\t\t\t\t\t\t\t\t\t<!-- Inline Block Space Fix\n\t\t\t\t\t\t\t\t\t\t\t\t\t\t\t\t--><!-- Inline Block Space Fix\n\t\t\t\t\t\t\t\t\t\t\t\t\t\t\t\t\t\t\t--><h3>Fabian Walch<\/h3><!-- Inline Block Space Fix\n\t\t\t\t\t\t\t\t\t\t\t\t\t\t\t\t\t\t\t\t\t\t\t\t\t-->\n\t\t\t\t\t\t\t\t<p><strong>Gemeinderat<\/strong><\/p>\n<p><a href=\"tel:+436766106690\">43 676 61 06 690<\/a><\/p>\t\t\t\t\t\t\t<!-- Inline Block Space Fix\n\t\t\t\t\t\t\t\t\t\t\t--><!-- Inline Block Space Fix\n\t\t\t\t\t\t\t\t\t\t-->\n                    <!-- Inline Block Space Fix\n\t\t\t\t-->\n\t\t\t\t<!-- Overlay for Style 1 -->\n\t\t\t<!-- END .front -->\n\t\t\t\t\t\t<p><strong>Beruf:<\/strong><br \/>Historiker<br \/><strong>Schwerpunkte:<\/strong><br \/>Jugend, Arbeit, Wirtschaft und Tourismus, Stadtentwicklung, Wohnbau, Kultur<\/p>\t\t\t\t\t\n\t\t\t\t<!-- Inline Block Space Fix\n\t\t\t\t\t\t\t\t\t\t\t\t\t\t\t\t\t\t\t\t\t\t\t\t-->\n\t\t\t\t<img decoding=\"async\" src=\"https:\/\/www.rudi-federspiel.at\/neustart\/wp-content\/uploads\/2024\/01\/achim-linde.jpg\" alt=\"achim-linde\" itemprop=\"image\"\/>\n\t\t\t\t\t\t\t\t\t<!-- Inline Block Space Fix\n\t\t\t\t\t\t\t\t\t\t\t\t\t\t\t\t--><!-- Inline Block Space Fix\n\t\t\t\t\t\t\t\t\t\t\t\t\t\t\t\t\t\t\t--><h3>Achim Linde<\/h3><!-- Inline Block Space Fix\n\t\t\t\t\t\t\t\t\t\t\t\t\t\t\t\t\t\t\t\t\t\t\t\t\t-->\n\t\t\t\t\t\t\t\t<p><strong>Gemeinderat<\/strong><\/p>\n<p><a href=\"tel:+436642220061\">+43 664 22 20 061<\/a><\/p>\t\t\t\t\t\t\t<!-- Inline Block Space Fix\n\t\t\t\t\t\t\t\t\t\t\t--><!-- Inline Block Space Fix\n\t\t\t\t\t\t\t\t\t\t-->\n                    <!-- Inline Block Space Fix\n\t\t\t\t-->\n\t\t\t\t<!-- Overlay for Style 1 -->\n\t\t\t<!-- END .front -->\n\t\t\t\t\t\t<p><strong>Beruf:<\/strong><br \/>Filmproduzent<br \/><strong>Schwerpunkte:<\/strong><br \/>Kultur, Soziales, Arbeit, Wirtschaft und Tourismus, Wohnbau<\/p>\t\t\t\t\t\n\t\t\t\t<!-- Inline Block Space Fix\n\t\t\t\t\t\t\t\t\t\t\t\t\t\t\t\t\t\t\t\t\t\t\t\t-->\n\t\t\t\t<img decoding=\"async\" src=\"https:\/\/www.rudi-federspiel.at\/neustart\/wp-content\/uploads\/2024\/01\/Marlene-Trinkl.jpg\" alt=\"Marlene-Trinkl\" itemprop=\"image\"\/>\n\t\t\t\t\t\t\t\t\t<!-- Inline Block Space Fix\n\t\t\t\t\t\t\t\t\t\t\t\t\t\t\t\t--><!-- Inline Block Space Fix\n\t\t\t\t\t\t\t\t\t\t\t\t\t\t\t\t\t\t\t--><h3>Marlene Trinkl<\/h3><!-- Inline Block Space Fix\n\t\t\t\t\t\t\t\t\t\t\t\t\t\t\t\t\t\t\t\t\t\t\t\t\t-->\n\t\t\t\t\t\t\t\t<p><strong>Gemeinder\u00e4tin<\/strong><\/p>\n<p><a href=\"tel:+436642332019\">+43 664 23 32 019<\/a><\/p>\t\t\t\t\t\t\t<!-- Inline Block Space Fix\n\t\t\t\t\t\t\t\t\t\t\t--><!-- Inline Block Space Fix\n\t\t\t\t\t\t\t\t\t\t-->\n                    <!-- Inline Block Space Fix\n\t\t\t\t-->\n\t\t\t\t<!-- Overlay for Style 1 -->\n\t\t\t<!-- END .front -->\n\t\t\t\t\t\t<p><strong>Beruf:<\/strong><br \/>Kaufm\u00e4nnische Angestellte<br \/><strong>Schwerpunkte:<\/strong><br \/>Frauen, Senioren, Sport, Soziales, Kultur, Stadtentwicklung<\/p>\t\t\t\t\t\n\t\t\t\t<!-- Inline Block Space Fix\n\t\t\t\t\t\t\t\t\t\t\t\t\t\t\t\t\t\t\t\t\t\t\t\t-->\n\t\t\t\t<img decoding=\"async\" src=\"https:\/\/www.rudi-federspiel.at\/neustart\/wp-content\/uploads\/2024\/01\/Georg-Stofaneller.jpg\" alt=\"Georg-Stofaneller\" itemprop=\"image\"\/>\n\t\t\t\t\t\t\t\t\t<!-- Inline Block Space Fix\n\t\t\t\t\t\t\t\t\t\t\t\t\t\t\t\t--><!-- Inline Block Space Fix\n\t\t\t\t\t\t\t\t\t\t\t\t\t\t\t\t\t\t\t--><h3>Georg Stoffaneller<\/h3><!-- Inline Block Space Fix\n\t\t\t\t\t\t\t\t\t\t\t\t\t\t\t\t\t\t\t\t\t\t\t\t\t-->\n\t\t\t\t\t\t\t\t<p><strong>Ersatzgemeinderat<\/strong><\/p>\n<p><a href=\"tel:+4367762034335\">+43 677 62 034 335<\/a><\/p>\t\t\t\t\t\t\t<!-- Inline Block Space Fix\n\t\t\t\t\t\t\t\t\t\t\t--><!-- Inline Block Space Fix\n\t\t\t\t\t\t\t\t\t\t-->\n                    <!-- Inline Block Space Fix\n\t\t\t\t-->\n\t\t\t\t<!-- Overlay for Style 1 -->\n\t\t\t<!-- END .front -->\n\t\t\t\t\t\t<p><strong>Beruf:<\/strong><br \/>Bauleiter<br \/><strong>Schwerpunkte:<\/strong><br \/>Wirtschaft, Wohnbau, Finanzen, Subventionen und Beteiligungen, Stadtentwicklung, Umwelt, Energie und Mobilit\u00e4t<\/p>\t\t\t\t\t\n\t\t\t\t<!-- Inline Block Space Fix\n\t\t\t\t\t\t\t\t\t\t\t\t\t\t\t\t\t\t\t\t\t\t\t\t-->\n\t\t\t\t<img decoding=\"async\" src=\"https:\/\/www.rudi-federspiel.at\/neustart\/wp-content\/uploads\/2024\/01\/Beatrix-Klaus.jpg\" alt=\"Beatrix-Klaus\" itemprop=\"image\"\/>\n\t\t\t\t\t\t\t\t\t<!-- Inline Block Space Fix\n\t\t\t\t\t\t\t\t\t\t\t\t\t\t\t\t--><!-- Inline Block Space Fix\n\t\t\t\t\t\t\t\t\t\t\t\t\t\t\t\t\t\t\t--><h3>Beatrix Klaus<\/h3><!-- Inline Block Space Fix\n\t\t\t\t\t\t\t\t\t\t\t\t\t\t\t\t\t\t\t\t\t\t\t\t\t-->\n\t\t\t\t\t\t\t\t<p><strong>Ersatzgemeinder\u00e4tin<\/strong><\/p>\n<p><a href=\"tel:+436769005111\">+43 676 90 05 111<\/a><\/p>\t\t\t\t\t\t\t<!-- Inline Block Space Fix\n\t\t\t\t\t\t\t\t\t\t\t--><!-- Inline Block Space Fix\n\t\t\t\t\t\t\t\t\t\t-->\n                    <!-- Inline Block Space Fix\n\t\t\t\t-->\n\t\t\t\t<!-- Overlay for Style 1 -->\n\t\t\t<!-- END .front -->\n\t\t\t\t\t\t<p><strong>Beruf:<\/strong><br \/>Unternehmerin<br \/><strong>Schwerpunkte:<\/strong><br \/>Menschen mit Behinderungen, Gesellschaft und Diversit\u00e4t, Frauen, Sicherheit, Wohnbau, Umwelt<\/p>\t\t\t\t\t\n\t\t\t\t<!-- Inline Block Space Fix\n\t\t\t\t\t\t\t\t\t\t\t\t\t\t\t\t\t\t\t\t\t\t\t\t-->\n\t\t\t\t<img decoding=\"async\" src=\"https:\/\/www.rudi-federspiel.at\/neustart\/wp-content\/uploads\/2024\/01\/Anton-Reitmayr.jpg\" alt=\"Anton-Reitmayr\" itemprop=\"image\"\/>\n\t\t\t\t\t\t\t\t\t<!-- Inline Block Space Fix\n\t\t\t\t\t\t\t\t\t\t\t\t\t\t\t\t--><!-- Inline Block Space Fix\n\t\t\t\t\t\t\t\t\t\t\t\t\t\t\t\t\t\t\t--><h3>Anton Reitmeir<\/h3><!-- Inline Block Space Fix\n\t\t\t\t\t\t\t\t\t\t\t\t\t\t\t\t\t\t\t\t\t\t\t\t\t-->\n\t\t\t\t\t\t\t\t<p><strong>Ersatzgemeindrat<\/strong><\/p>\n<p><a href=\"tel:+436641540975\">+43 664 15 40 975<\/a><\/p>\t\t\t\t\t\t\t<!-- Inline Block Space Fix\n\t\t\t\t\t\t\t\t\t\t\t--><!-- Inline Block Space Fix\n\t\t\t\t\t\t\t\t\t\t-->\n                    <!-- Inline Block Space Fix\n\t\t\t\t-->\n\t\t\t\t<!-- Overlay for Style 1 -->\n\t\t\t<!-- END .front -->\n\t\t\t\t\t\t<p><strong>Beruf:<\/strong><br \/>Unternehmer<br \/><strong>Schwerpunkte:<\/strong><br \/>Wirtschaft, Finanzen, Subventionen und Beteiligungen, Stadtentwicklung<\/p>\t\t\t\t\t\n\t\t\t\t<!-- Inline Block Space Fix\n\t\t\t\t\t\t\t\t\t\t\t\t\t\t\t\t\t\t\t\t\t\t\t\t-->\n\t\t\t\t<img decoding=\"async\" src=\"https:\/\/www.rudi-federspiel.at\/neustart\/wp-content\/uploads\/2024\/01\/Andreas-Kunst.jpg\" alt=\"Andreas-Kunst\" itemprop=\"image\"\/>\n\t\t\t\t\t\t\t\t\t<!-- Inline Block Space Fix\n\t\t\t\t\t\t\t\t\t\t\t\t\t\t\t\t--><!-- Inline Block Space Fix\n\t\t\t\t\t\t\t\t\t\t\t\t\t\t\t\t\t\t\t--><h3>Andreas Kunst<\/h3><!-- Inline Block Space Fix\n\t\t\t\t\t\t\t\t\t\t\t\t\t\t\t\t\t\t\t\t\t\t\t\t\t-->\n\t\t\t\t\t\t\t\t<p><strong>Ersatzgemeinderat<\/strong><\/p>\n<p><a href=\"tel:+436642056210\">+43 664 20 56 210<\/a><\/p>\t\t\t\t\t\t\t<!-- Inline Block Space Fix\n\t\t\t\t\t\t\t\t\t\t\t--><!-- Inline Block Space Fix\n\t\t\t\t\t\t\t\t\t\t-->\n                    <!-- Inline Block Space Fix\n\t\t\t\t-->\n\t\t\t\t<!-- Overlay for Style 1 -->\n\t\t\t<!-- END .front -->\n\t\t\t\t\t\t<p><strong>Beruf:<\/strong><br \/>Heeresbeamter<br \/><strong>Schwerpunkte:<\/strong><br \/>Finanzen, Subventionen und Beteiligungen, Stadtentwicklung, Energie und Mobilit\u00e4t<\/p>\t\t\t\t\t\n\t\t\t\t<!-- Inline Block Space Fix\n\t\t\t\t\t\t\t\t\t\t\t\t\t\t\t\t\t\t\t\t\t\t\t\t-->\n\t\t\t\t<img decoding=\"async\" src=\"https:\/\/www.rudi-federspiel.at\/neustart\/wp-content\/uploads\/2024\/01\/Hiltrud-Berauer.jpg\" alt=\"Hiltrud-Berauer\" itemprop=\"image\"\/>\n\t\t\t\t\t\t\t\t\t<!-- Inline Block Space Fix\n\t\t\t\t\t\t\t\t\t\t\t\t\t\t\t\t--><!-- Inline Block Space Fix\n\t\t\t\t\t\t\t\t\t\t\t\t\t\t\t\t\t\t\t--><h3>Hiltrud Berauer<\/h3><!-- Inline Block Space Fix\n\t\t\t\t\t\t\t\t\t\t\t\t\t\t\t\t\t\t\t\t\t\t\t\t\t-->\n\t\t\t\t\t\t\t\t<p><strong>Ersatzgemeinder\u00e4tin<\/strong><\/p>\n<p><a href=\"tel:+436991001805\">+43 699 10 01 805<\/a><\/p>\t\t\t\t\t\t\t<!-- Inline Block Space Fix\n\t\t\t\t\t\t\t\t\t\t\t--><!-- Inline Block Space Fix\n\t\t\t\t\t\t\t\t\t\t-->\n                    <!-- Inline Block Space Fix\n\t\t\t\t-->\n\t\t\t\t<!-- Overlay for Style 1 -->\n\t\t\t<!-- END .front -->\n\t\t\t\t\t\t<p><strong>Beruf:<\/strong><br \/>Trafikantin<br \/><strong>Schwerpunkte:<\/strong><br \/>Sicherheit, Stadtentwicklung, Wohnbau, Umwelt, Energie und Mobilit\u00e4t<\/p>\t\t\t\t\t\n\t<h4>\n\t\t\t\t\tFP\u00d6 Rudi Federspiel\n\t\t\t\t<\/h4>\n\t<h4>\n\t\t\t\t\tMarkus Lassenberger\n\t\t\t\t<\/h4>\n\t<h4>\n\t\t\t\t\tFP\u00d6 Tirol\n\t\t\t\t<\/h4>\n<aside id=\"text-4\">\n<h4>IMPRESSUM<\/h4>\nF\u00fcr den Inhalt verantwortlich:<br \/>\nFP\u00d6 Rudi Federspiel, Maria-Theresien-Stra\u00dfe 18, Rathaus, 1.Stock, Zi.Nr. 1353<br \/>\nTel.: +43 512 53 60 1343, Mobil: +43 680 1562621<br \/>\nfpoe.rudi.federspiel@gmail.com\n<p><a href=\"https:\/\/www.rudi-federspiel.at\/neustart\/datenschutzerklaerung\/\">&gt; Datenschutzerkl\u00e4rung<\/a><\/p>\n<\/aside>\n\n","protected":false},"excerpt":{"rendered":"<p>Unsere Ziele Mit unseren Kandidaten &#8211; einer guten Mischung aus erfahrenen Kommunalpolitikern und jungen, engagierten Kr\u00e4ften &#8211; haben wir ein [&hellip;]<\/p>\n","protected":false},"author":1,"featured_media":0,"parent":0,"menu_order":0,"comment_status":"closed","ping_status":"closed","template":"","meta":{"site-sidebar-layout":"default","site-content-layout":"","ast-site-content-layout":"default","site-content-style":"default","site-sidebar-style":"default","ast-global-header-display":"","ast-banner-title-visibility":"","ast-main-header-display":"","ast-hfb-above-header-display":"","ast-hfb-below-header-display":"","ast-hfb-mobile-header-display":"","site-post-title":"disabled","ast-breadcrumbs-content":"","ast-featured-img":"","footer-sml-layout":"","theme-transparent-header-meta":"default","adv-header-id-meta":"","stick-header-meta":"","header-above-stick-meta":"","header-main-stick-meta":"","header-below-stick-meta":"","astra-migrate-meta-layouts":"set","ast-page-background-enabled":"default","ast-page-background-meta":{"desktop":{"background-color":"var(--ast-global-color-4)","background-image":"","background-repeat":"repeat","background-position":"center center","background-size":"auto","background-attachment":"scroll","background-type":"","background-media":"","overlay-type":"","overlay-color":"","overlay-gradient":""},"tablet":{"background-color":"","background-image":"","background-repeat":"repeat","background-position":"center center","background-size":"auto","background-attachment":"scroll","background-type":"","background-media":"","overlay-type":"","overlay-color":"","overlay-gradient":""},"mobile":{"background-color":"","background-image":"","background-repeat":"repeat","background-position":"center center","background-size":"auto","background-attachment":"scroll","background-type":"","background-media":"","overlay-type":"","overlay-color":"","overlay-gradient":""}},"ast-content-background-meta":{"desktop":{"background-color":"var(--ast-global-color-5)","background-image":"","background-repeat":"repeat","background-position":"center center","background-size":"auto","background-attachment":"scroll","background-type":"","background-media":"","overlay-type":"","overlay-color":"","overlay-gradient":""},"tablet":{"background-color":"var(--ast-global-color-5)","background-image":"","background-repeat":"repeat","background-position":"center center","background-size":"auto","background-attachment":"scroll","background-type":"","background-media":"","overlay-type":"","overlay-color":"","overlay-gradient":""},"mobile":{"background-color":"var(--ast-global-color-5)","background-image":"","background-repeat":"repeat","background-position":"center center","background-size":"auto","background-attachment":"scroll","background-type":"","background-media":"","overlay-type":"","overlay-color":"","overlay-gradient":""}},"footnotes":""},"class_list":["post-131","page","type-page","status-publish","hentry"],"_links":{"self":[{"href":"https:\/\/www.rudi-federspiel.at\/neustart\/wp-json\/wp\/v2\/pages\/131","targetHints":{"allow":["GET"]}}],"collection":[{"href":"https:\/\/www.rudi-federspiel.at\/neustart\/wp-json\/wp\/v2\/pages"}],"about":[{"href":"https:\/\/www.rudi-federspiel.at\/neustart\/wp-json\/wp\/v2\/types\/page"}],"author":[{"embeddable":true,"href":"https:\/\/www.rudi-federspiel.at\/neustart\/wp-json\/wp\/v2\/users\/1"}],"replies":[{"embeddable":true,"href":"https:\/\/www.rudi-federspiel.at\/neustart\/wp-json\/wp\/v2\/comments?post=131"}],"version-history":[{"count":18,"href":"https:\/\/www.rudi-federspiel.at\/neustart\/wp-json\/wp\/v2\/pages\/131\/revisions"}],"predecessor-version":[{"id":1284,"href":"https:\/\/www.rudi-federspiel.at\/neustart\/wp-json\/wp\/v2\/pages\/131\/revisions\/1284"}],"wp:attachment":[{"href":"https:\/\/www.rudi-federspiel.at\/neustart\/wp-json\/wp\/v2\/media?parent=131"}],"curies":[{"name":"wp","href":"https:\/\/api.w.org\/{rel}","templated":true}]}}